{"id":67,"date":"2017-04-20T12:26:52","date_gmt":"2017-04-20T12:26:52","guid":{"rendered":"http:\/\/demos.artbees.net\/jupiter5\/pandia\/?page_id=67"},"modified":"2017-04-20T12:26:52","modified_gmt":"2017-04-20T12:26:52","slug":"contact-us","status":"publish","type":"page","link":"https:\/\/googleadultseo.com\/massage-templates1\/contact-us\/","title":{"rendered":"Contact Us"},"content":{"rendered":"<h2>Contact us<\/h2>\n<h1>Educated, beautiful, irresistible, sophisticated and experienced masseuses are waiting for a civilized and discreet luxury environment at the Pieris Massage, in the heart of the city. Contact us Below for booking the best erotic massage in Budapest. <\/h1>\n<p>\t\t\t\t\t\t\t\t\t\t\t\t\t<img loading=\"lazy\" decoding=\"async\" width=\"1024\" height=\"454\" src=\"https:\/\/pierismassage.com\/wp-content\/uploads\/2017\/12\/photo-2017.-11.-14.-14-27-32-1024x454.jpg\" alt=\"\" srcset=\"https:\/\/pierismassage.com\/wp-content\/uploads\/2017\/12\/photo-2017.-11.-14.-14-27-32-1024x454.jpg 1024w, https:\/\/pierismassage.com\/wp-content\/uploads\/2017\/12\/photo-2017.-11.-14.-14-27-32-300x133.jpg 300w, https:\/\/pierismassage.com\/wp-content\/uploads\/2017\/12\/photo-2017.-11.-14.-14-27-32-768x340.jpg 768w\" sizes=\"auto, (max-width: 1024px) 100vw, 1024px\" \/><br \/>\n\t\tThe Pieris Massage Salon is located in downtown Budapest in the VII. district, at Erzs\u00e9bet k\u00f6r\u00fat 35, 1073. Our salon is easily accessible by public transport. We are between the 4-6 tram stops Wessel\u00e9nyi and Kir\u00e1ly utca, right at the heart of the city. Parking is available on the street via parking meters.\t\t<\/p>\n<h3>Our Erotic Masseuses<\/h3>\n<h2>Erotic Massage Masseuse<\/h2>\n<p>\t\tIf you\u2019re searching for the ultimate erotic massage in Budapest, look no further than Pieris Massage. Whether you\u2019re visiting for business or pleasure, or you\u2019re a local seeking a luxurious escape, we offer the most satisfying erotic massage in Budapest, designed to awaken your senses and leave you feeling completely rejuvenated. Budapest is known for its rich history, beautiful architecture, and world-renowned spas. But did you know it\u2019s also home to the finest erotic massage experiences? At Pieris Massage, we\u2019re proud to offer an exceptional erotic massage in Budapest that combines relaxation, sensuality, and expert techniques. Our sensual massages go beyond physical relaxation \u2013 they\u2019re a complete journey for your body and mind.\t\t<\/p>\n<h2>Location<\/h2>\n<h4>Get DIrection to Salon<\/h4>\n<p>\t\tWe\u2019d love to hear from you! If you have any questions, need further information about our services, or want to book an appointment, feel free to get in touch. You can reach us through the following. For faster assistance, give us a call. You can also fill out the contact form below, and we\u2019ll respond as soon as possible. We strive to provide an exceptional and discreet service experience.<br \/>\n\t\t\t\t<a href=\"https:\/\/www.google.com\/maps\/place\/\/data=!4m2!3m1!1s0x4741ddc4293a7b65:0xc7c70e440304260a?sa=X&#038;ved=1t:8290&#038;ictx=111\" tabindex=\"-1\"><br \/>\n\t\t\t\t\t\t\t\t<\/a><\/p>\n<h3>\n\t\t\t\t\t\t<a href=\"https:\/\/www.google.com\/maps\/place\/\/data=!4m2!3m1!1s0x4741ddc4293a7b65:0xc7c70e440304260a?sa=X&#038;ved=1t:8290&#038;ictx=111\" ><br \/>\n\t\t\t\t\t\t\tErzs\u00e9bet k\u00f6r\u00fat 35, Budapest\u00a01073\t\t\t\t\t\t<\/a><br \/>\n\t\t\t\t\t<\/h3>\n<p>\t\t\t\t<a href=\"tel:+36%2070%207066696\" tabindex=\"-1\"><br \/>\n\t\t\t\t\t\t\t\t<\/a><\/p>\n<h3>\n\t\t\t\t\t\t<a href=\"tel:+36%2070%207066696\" ><br \/>\n\t\t\t\t\t\t\t+36 70 7066696\t\t\t\t\t\t<\/a><br \/>\n\t\t\t\t\t<\/h3>\n<p>\t\t\t\t<a href=\"mailto:pierismassage@gmail.com\" tabindex=\"-1\"><br \/>\n\t\t\t\t\t\t\t\t<\/a><\/p>\n<h3>\n\t\t\t\t\t\t<a href=\"mailto:pierismassage@gmail.com\" ><br \/>\n\t\t\t\t\t\t\tpierismassage@gmail.com\t\t\t\t\t\t<\/a><br \/>\n\t\t\t\t\t<\/h3>\n<p>\t\t\t<iframe loading=\"lazy\"\n\t\t\t\t\tsrc=\"https:\/\/maps.google.com\/maps?q=downtown%20Budapest%20in%20the%20VII.%20district%2C%20at%20Erzs%C3%A9bet%20k%C3%B6r%C3%BAt%2035%2C%201073&#038;t=m&#038;z=10&#038;output=embed&#038;iwloc=near\"\n\t\t\t\t\ttitle=\"downtown Budapest in the VII. district, at Erzs\u00e9bet k\u00f6r\u00fat 35, 1073\"\n\t\t\t\t\taria-label=\"downtown Budapest in the VII. district, at Erzs\u00e9bet k\u00f6r\u00fat 35, 1073\"\n\t\t\t><\/iframe><\/p>\n<h3>\n\t\t\t\t\t\t\tPublic transport:<br \/>\n\t\t\t\t\t<\/h3>\n<p>\n\t\t\t\t\t\tOur salon is conveniently located and easily accessible by public transport Just a 5-minute walk from Blaha Lujza ter Metro Station. A 1-minute walk from the Wessel\u00e9nyi 4-6 tram stop and only a 5-minute walk from the Oktogon Metro Station.\n\t\t\t\t\t<\/p>\n<h3>\n\t\t\t\t\t\t<a href=\"tel:+36%2070%207066696\" ><br \/>\n\t\t\t\t\t\t\tCar:\t\t\t\t\t\t<\/a><br \/>\n\t\t\t\t\t<\/h3>\n<p>\n\t\t\t\t\t\tStreet parking is available via parking meters. Alternatively, you can use the WestEnd Mall parking garage nearby.\n\t\t\t\t\t<\/p>\n<h3>\n\t\t\t\t\t\t<a href=\"mailto:pierismassage@gmail.com\" ><br \/>\n\t\t\t\t\t\t\tBus:\t\t\t\t\t\t<\/a><br \/>\n\t\t\t\t\t<\/h3>\n<p>\n\t\t\t\t\t\tBus 74 in Wesselenyi stop 1min away\n\t\t\t\t\t<\/p>\n<h3>\n\t\t\t\t\t\t\tTrams:<br \/>\n\t\t\t\t\t<\/h3>\n<p>\n\t\t\t\t\t\tThe popular tram 4 and 6 stopping just in front of our salon in Wessel\u00e9nyi tram stop.\n\t\t\t\t\t<\/p>\n<h3>\n\t\t\t\t\t\t<a href=\"tel:+36%2070%207066696\" ><br \/>\n\t\t\t\t\t\t\tTaxi:\t\t\t\t\t\t<\/a><br \/>\n\t\t\t\t\t<\/h3>\n<p>\n\t\t\t\t\t\tF\u0151taxi: +36 (1) 2222-222 (300Ft\/km)<br \/>\nTaxi Plus: +36 (1) 8888-000 (300Ft\/km)<br \/>\nBudapest Taxi: +36 (1) 777-7777 (300Ft\/km)<br \/>\nCity Taxi: +36 (1 ) 2-111-111 (300Ft\/km)<br \/>\nBasic fee: 700 Ft\n\t\t\t\t\t<\/p>\n<h3>\n\t\t\t\t\t\t<a href=\"mailto:pierismassage@gmail.com\" ><br \/>\n\t\t\t\t\t\t\tWalking Distance:\t\t\t\t\t\t<\/a><br \/>\n\t\t\t\t\t<\/h3>\n<p>\n\t\t\t\t\t\tJust a 5-minute walk from Blaha Lujza Metro Station.<br \/>\nA 1-minute walk from the 4-6 tram stop. Only a 10-minute walk from Nyugati\u00a0Train\u00a0Station.\t\t\t\t\t<\/p>\n","protected":false},"excerpt":{"rendered":"<p>Contact us Educated, beautiful, irresistible, sophisticated and experienced masseuses are waiting for a civilized and discreet luxury environment at the Pieris Massage, in the heart of the city. Contact us Below for booking the best erotic massage in Budapest. The Pieris Massage Salon is located in downtown Budapest in the VII. district, at Erzs\u00e9bet k\u00f6r\u00fat [&hellip;]<\/p>\n","protected":false},"author":1,"featured_media":0,"parent":0,"menu_order":0,"comment_status":"closed","ping_status":"closed","template":"elementor_header_footer","meta":{"_acf_changed":false,"footnotes":""},"class_list":["post-67","page","type-page","status-publish","hentry"],"acf":[],"_links":{"self":[{"href":"https:\/\/googleadultseo.com\/massage-templates1\/wp-json\/wp\/v2\/pages\/67","targetHints":{"allow":["GET"]}}],"collection":[{"href":"https:\/\/googleadultseo.com\/massage-templates1\/wp-json\/wp\/v2\/pages"}],"about":[{"href":"https:\/\/googleadultseo.com\/massage-templates1\/wp-json\/wp\/v2\/types\/page"}],"author":[{"embeddable":true,"href":"https:\/\/googleadultseo.com\/massage-templates1\/wp-json\/wp\/v2\/users\/1"}],"replies":[{"embeddable":true,"href":"https:\/\/googleadultseo.com\/massage-templates1\/wp-json\/wp\/v2\/comments?post=67"}],"version-history":[{"count":0,"href":"https:\/\/googleadultseo.com\/massage-templates1\/wp-json\/wp\/v2\/pages\/67\/revisions"}],"wp:attachment":[{"href":"https:\/\/googleadultseo.com\/massage-templates1\/wp-json\/wp\/v2\/media?parent=67"}],"curies":[{"name":"wp","href":"https:\/\/api.w.org\/{rel}","templated":true}]}}