{"id":3662,"date":"2022-08-17T14:11:32","date_gmt":"2022-08-17T14:11:32","guid":{"rendered":"https:\/\/pierismassage.com\/?page_id=3662"},"modified":"2022-08-17T14:11:32","modified_gmt":"2022-08-17T14:11:32","slug":"info-2","status":"publish","type":"page","link":"https:\/\/googleadultseo.com\/massage-templates1\/info-2\/","title":{"rendered":"Info"},"content":{"rendered":"<h2>INFO<\/h2>\n<h3><a href=\"https:\/\/pierismassage.com\/\">All our programs include:<br \/>\nA shower before the massage<br \/>\nFull body massage<br \/>\nErotic lingam \/ tantric massage by hand<br \/>\nA shower after the massage<\/a><\/h3>\n<h1><a href=\"https:\/\/pierismassage.com\/\">IT DOES NOT INCLUDE:<br \/>\nany type of sex<br \/>\nKissing <br \/>\ntouching intimate parts<br \/>\nnaked girls (they always keep their\u00a0panties\u00a0on)<\/a><\/h1>\n<p>\t\t\t\t\t\t\t\t\t\t\t\t\t<img loading=\"lazy\" decoding=\"async\" width=\"1024\" height=\"454\" src=\"https:\/\/pierismassage.com\/wp-content\/uploads\/2017\/12\/photo-2017.-11.-14.-14-27-32-1024x454.jpg\" alt=\"\" srcset=\"https:\/\/pierismassage.com\/wp-content\/uploads\/2017\/12\/photo-2017.-11.-14.-14-27-32-1024x454.jpg 1024w, https:\/\/pierismassage.com\/wp-content\/uploads\/2017\/12\/photo-2017.-11.-14.-14-27-32-300x133.jpg 300w, https:\/\/pierismassage.com\/wp-content\/uploads\/2017\/12\/photo-2017.-11.-14.-14-27-32-768x340.jpg 768w\" sizes=\"auto, (max-width: 1024px) 100vw, 1024px\" \/><br \/>\n\t\tTowel and sleepers are provided during the session, and showers are without the ladies (unless you chose the extra shower massage)<br \/>\nPlease note that lingam or tantric massage are performed only by hand, and that we do not offer sexual services.<br \/>\nGirls perform the massage with their panties on, and no kissing or touching is allowed<br \/>\nWe encourage you to make a reservation before coming to make sure we have availability.<br \/>\nWe accept only cash in HUF, EUR or USD at the current exchange rate.<br \/>\nOpening hours:<br \/>\nMon-Sun 13:30-22:00.\t\t<\/p>\n<h3>Our Erotic Masseuses<\/h3>\n<h2>Erotic Massage Masseuse<\/h2>\n<p>\t\tIf you\u2019re searching for the ultimate erotic massage in Budapest, look no further than Pieris Massage. Whether you\u2019re visiting for business or pleasure, or you\u2019re a local seeking a luxurious escape, we offer the most satisfying erotic massage in Budapest, designed to awaken your senses and leave you feeling completely rejuvenated. Budapest is known for its rich history, beautiful architecture, and world-renowned spas. But did you know it\u2019s also home to the finest erotic massage experiences? At Pieris Massage, we\u2019re proud to offer an exceptional erotic massage in Budapest that combines relaxation, sensuality, and expert techniques. Our sensual massages go beyond physical relaxation \u2013 they\u2019re a complete journey for your body and mind.\t\t<\/p>\n<h2>Location<\/h2>\n<h4>Get DIrection to Salon<\/h4>\n<p>\t\tWe\u2019d love to hear from you! If you have any questions, need further information about our services, or want to book an appointment, feel free to get in touch. You can reach us through the following. For faster assistance, give us a call. You can also fill out the contact form below, and we\u2019ll respond as soon as possible. We strive to provide an exceptional and discreet service experience.<br \/>\n\t\t\t\t<a href=\"https:\/\/www.google.com\/maps\/place\/\/data=!4m2!3m1!1s0x4741ddc4293a7b65:0xc7c70e440304260a?sa=X&#038;ved=1t:8290&#038;ictx=111\" tabindex=\"-1\"><br \/>\n\t\t\t\t\t\t\t\t<\/a><\/p>\n<h3>\n\t\t\t\t\t\t<a href=\"https:\/\/www.google.com\/maps\/place\/\/data=!4m2!3m1!1s0x4741ddc4293a7b65:0xc7c70e440304260a?sa=X&#038;ved=1t:8290&#038;ictx=111\" ><br \/>\n\t\t\t\t\t\t\tErzs\u00e9bet k\u00f6r\u00fat 35, Budapest\u00a01073\t\t\t\t\t\t<\/a><br \/>\n\t\t\t\t\t<\/h3>\n<p>\t\t\t\t<a href=\"tel:+36%2070%207066696\" tabindex=\"-1\"><br \/>\n\t\t\t\t\t\t\t\t<\/a><\/p>\n<h3>\n\t\t\t\t\t\t<a href=\"tel:+36%2070%207066696\" ><br \/>\n\t\t\t\t\t\t\t+36 70 7066696\t\t\t\t\t\t<\/a><br \/>\n\t\t\t\t\t<\/h3>\n<p>\t\t\t\t<a href=\"mailto:pierismassage@gmail.com\" tabindex=\"-1\"><br \/>\n\t\t\t\t\t\t\t\t<\/a><\/p>\n<h3>\n\t\t\t\t\t\t<a href=\"mailto:pierismassage@gmail.com\" ><br \/>\n\t\t\t\t\t\t\tpierismassage@gmail.com\t\t\t\t\t\t<\/a><br \/>\n\t\t\t\t\t<\/h3>\n<p>\t\t\t<iframe loading=\"lazy\"\n\t\t\t\t\tsrc=\"https:\/\/maps.google.com\/maps?q=Budapest%2C%20Radn%C3%B3ti%20Mikl%C3%B3s%20u.%2017%2C%201137%20Hungary&#038;t=m&#038;z=10&#038;output=embed&#038;iwloc=near\"\n\t\t\t\t\ttitle=\"Budapest, Radn\u00f3ti Mikl\u00f3s u. 17, 1137 Hungary\"\n\t\t\t\t\taria-label=\"Budapest, Radn\u00f3ti Mikl\u00f3s u. 17, 1137 Hungary\"\n\t\t\t><\/iframe><\/p>\n<h3>\n\t\t\t\t\t\t\tPublic transport:<br \/>\n\t\t\t\t\t<\/h3>\n<p>\n\t\t\t\t\t\tOur salon is conveniently located and easily accessible by public transport Just a 5-minute walk from Blaha Lujza ter Metro Station. A 1-minute walk from the Wessel\u00e9nyi 4-6 tram stop and only a 5-minute walk from the Oktogon Metro Station.\n\t\t\t\t\t<\/p>\n<h3>\n\t\t\t\t\t\t<a href=\"tel:+36%2070%207066696\" ><br \/>\n\t\t\t\t\t\t\tCar:\t\t\t\t\t\t<\/a><br \/>\n\t\t\t\t\t<\/h3>\n<p>\n\t\t\t\t\t\tStreet parking is available via parking meters. Alternatively, you can use the WestEnd Mall parking garage nearby.\n\t\t\t\t\t<\/p>\n<h3>\n\t\t\t\t\t\t<a href=\"mailto:pierismassage@gmail.com\" ><br \/>\n\t\t\t\t\t\t\tBus:\t\t\t\t\t\t<\/a><br \/>\n\t\t\t\t\t<\/h3>\n<p>\n\t\t\t\t\t\tBus 74 in Wesselenyi stop 1min away\n\t\t\t\t\t<\/p>\n<h3>\n\t\t\t\t\t\t\tTrams:<br \/>\n\t\t\t\t\t<\/h3>\n<p>\n\t\t\t\t\t\tThe popular tram 4 and 6 stopping just in front of our salon in Wessel\u00e9nyi tram stop.\n\t\t\t\t\t<\/p>\n<h3>\n\t\t\t\t\t\t<a href=\"tel:+36%2070%207066696\" ><br \/>\n\t\t\t\t\t\t\tTaxi:\t\t\t\t\t\t<\/a><br \/>\n\t\t\t\t\t<\/h3>\n<p>\n\t\t\t\t\t\tF\u0151taxi: +36 (1) 2222-222 (300Ft\/km)<br \/>\nTaxi Plus: +36 (1) 8888-000 (300Ft\/km)<br \/>\nBudapest Taxi: +36 (1) 777-7777 (300Ft\/km)<br \/>\nCity Taxi: +36 (1 ) 2-111-111 (300Ft\/km)<br \/>\nBasic fee: 700 Ft\n\t\t\t\t\t<\/p>\n<h3>\n\t\t\t\t\t\t<a href=\"mailto:pierismassage@gmail.com\" ><br \/>\n\t\t\t\t\t\t\tWalking Distance:\t\t\t\t\t\t<\/a><br \/>\n\t\t\t\t\t<\/h3>\n<p>\n\t\t\t\t\t\tJust a 5-minute walk from Blaha Lujza Metro Station.<br \/>\nA 1-minute walk from the 4-6 tram stop. Only a 10-minute walk from Nyugati\u00a0Train\u00a0Station.\t\t\t\t\t<\/p>\n","protected":false},"excerpt":{"rendered":"<p>INFO All our programs include: A shower before the massage Full body massage Erotic lingam \/ tantric massage by hand A shower after the massage IT DOES NOT INCLUDE: any type of sex Kissing touching intimate parts naked girls (they always keep their\u00a0panties\u00a0on) Towel and sleepers are provided during the session, and showers are without [&hellip;]<\/p>\n","protected":false},"author":1,"featured_media":5502,"parent":0,"menu_order":0,"comment_status":"closed","ping_status":"closed","template":"elementor_header_footer","meta":{"_acf_changed":false,"footnotes":""},"class_list":["post-3662","page","type-page","status-publish","has-post-thumbnail","hentry"],"acf":[],"_links":{"self":[{"href":"https:\/\/googleadultseo.com\/massage-templates1\/wp-json\/wp\/v2\/pages\/3662","targetHints":{"allow":["GET"]}}],"collection":[{"href":"https:\/\/googleadultseo.com\/massage-templates1\/wp-json\/wp\/v2\/pages"}],"about":[{"href":"https:\/\/googleadultseo.com\/massage-templates1\/wp-json\/wp\/v2\/types\/page"}],"author":[{"embeddable":true,"href":"https:\/\/googleadultseo.com\/massage-templates1\/wp-json\/wp\/v2\/users\/1"}],"replies":[{"embeddable":true,"href":"https:\/\/googleadultseo.com\/massage-templates1\/wp-json\/wp\/v2\/comments?post=3662"}],"version-history":[{"count":0,"href":"https:\/\/googleadultseo.com\/massage-templates1\/wp-json\/wp\/v2\/pages\/3662\/revisions"}],"wp:featuredmedia":[{"embeddable":true,"href":"https:\/\/googleadultseo.com\/massage-templates1\/wp-json\/"}],"wp:attachment":[{"href":"https:\/\/googleadultseo.com\/massage-templates1\/wp-json\/wp\/v2\/media?parent=3662"}],"curies":[{"name":"wp","href":"https:\/\/api.w.org\/{rel}","templated":true}]}}