{"id":2756,"date":"2017-10-25T20:39:13","date_gmt":"2017-10-25T20:39:13","guid":{"rendered":"https:\/\/pierismassage.com\/?page_id=2756"},"modified":"2017-10-25T20:39:13","modified_gmt":"2017-10-25T20:39:13","slug":"massagetherapien","status":"publish","type":"page","link":"https:\/\/googleadultseo.com\/massage-templates1\/massagetherapien\/","title":{"rendered":"Massagetherapien"},"content":{"rendered":"<p>[mk_page_section bg_image=&#8221;https:\/\/pierismassage.com\/wp-content\/uploads\/2017\/10\/massage-therapies-budapest-1.jpg&#8221; bg_image_portrait=&#8221;https:\/\/pierismassage.com\/wp-content\/uploads\/2017\/10\/massage-therapies-budapest-1.jpg&#8221; bg_position=&#8221;center top&#8221; bg_repeat=&#8221;no-repeat&#8221; bg_stretch=&#8221;true&#8221; enable_3d=&#8221;true&#8221; video_loop=&#8221;false&#8221; min_height=&#8221;300&#8243; js_vertical_centered=&#8221;true&#8221; padding_top=&#8221;0&#8243; padding_bottom=&#8221;0&#8243; sidebar=&#8221;sidebar-1&#8243;][vc_column][vc_column_text css=&#8221;.vc_custom_1518543739694{margin-bottom: 0px !important;}&#8221;]<\/p>\n<h1 id=\"fancy-title-3\" class=\"mk-fancy-title simple-style color-single\" style=\"text-align: center;\"><span style=\"color: #9f8f70;\">\u00a0 <strong>Massagetherapien<\/strong><\/span><\/h1>\n<p>[\/vc_column_text][\/vc_column][\/mk_page_section][mk_page_section bg_image=&#8221;https:\/\/pierismassage.com\/wp-content\/uploads\/2017\/10\/pierismassage-massage.png&#8221; bg_image_portrait=&#8221;https:\/\/pierismassage.com\/wp-content\/uploads\/2017\/10\/pierismassage-massage.png&#8221; bg_color=&#8221;#e4ce99&#8243; bg_stretch=&#8221;true&#8221; sidebar=&#8221;sidebar-1&#8243;][vc_column][vc_empty_space height=&#8221;30px&#8221;][mk_fancy_title color=&#8221;#1e1e1e&#8221; size=&#8221;24&#8243; font_family=&#8221;none&#8221; align=&#8221;center&#8221;]Die Pieris Massage kombiniert eine erstaunliche \u00c4sthetik und ein Ambiente, das sich von allen anderen unterscheidet.[\/mk_fancy_title][vc_column_text css=&#8221;.vc_custom_1518543775518{margin-bottom: 0px !important;}&#8221;]Jeder unserer Massager\u00e4ume wurde wundersch\u00f6n mit der richtigen Beleuchtung dekoriert, so dass unsere G\u00e4ste sich sofort entspannt f\u00fchlen. Um Ihre sinnliche Seite zu erwecken, verwenden wir aromatische \u00d6le, Duftkerzen, sanfte Musik und zarte F\u00e4higkeiten. W\u00e4hrend Ihrer Pieris-Massagen werden Sie auf eine Reise gef\u00fchrt, die Ihnen nicht nur beim Entspannen hilft, sondern auch daran arbeitet, Sie wieder mit Ihrem K\u00f6rper zu verbinden. Jeden Tag trennen wir uns von unserem K\u00f6rper mit einigen Qiuck-Fixes, die uns zu Unwissenheit f\u00fchren, die wir als tantrische Masseure wieder zu entfachen versuchen.[\/vc_column_text][vc_empty_space height=&#8221;30&#8243;][vc_row_inner][vc_column_inner][vc_widget_sidebar sidebar_id=&#8221;sidebar-2&#8243;][\/vc_column_inner][\/vc_row_inner][vc_empty_space height=&#8221;60px&#8221;][\/vc_column][\/mk_page_section]<\/p>\n","protected":false},"excerpt":{"rendered":"<p>[mk_page_section bg_image=&#8221;https:\/\/pierismassage.com\/wp-content\/uploads\/2017\/10\/massage-therapies-budapest-1.jpg&#8221; bg_image_portrait=&#8221;https:\/\/pierismassage.com\/wp-content\/uploads\/2017\/10\/massage-therapies-budapest-1.jpg&#8221; bg_position=&#8221;center top&#8221; bg_repeat=&#8221;no-repeat&#8221; bg_stretch=&#8221;true&#8221; enable_3d=&#8221;true&#8221; video_loop=&#8221;false&#8221; min_height=&#8221;300&#8243; js_vertical_centered=&#8221;true&#8221; padding_top=&#8221;0&#8243; padding_bottom=&#8221;0&#8243; sidebar=&#8221;sidebar-1&#8243;][vc_column][vc_column_text css=&#8221;.vc_custom_1518543739694{margin-bottom: 0px !important;}&#8221;] \u00a0 Massagetherapien [\/vc_column_text][\/vc_column][\/mk_page_section][mk_page_section bg_image=&#8221;https:\/\/pierismassage.com\/wp-content\/uploads\/2017\/10\/pierismassage-massage.png&#8221; bg_image_portrait=&#8221;https:\/\/pierismassage.com\/wp-content\/uploads\/2017\/10\/pierismassage-massage.png&#8221; bg_color=&#8221;#e4ce99&#8243; bg_stretch=&#8221;true&#8221; sidebar=&#8221;sidebar-1&#8243;][vc_column][vc_empty_space height=&#8221;30px&#8221;][mk_fancy_title color=&#8221;#1e1e1e&#8221; size=&#8221;24&#8243; font_family=&#8221;none&#8221; align=&#8221;center&#8221;]Die Pieris Massage kombiniert eine erstaunliche \u00c4sthetik und ein Ambiente, das sich von allen anderen unterscheidet.[\/mk_fancy_title][vc_column_text css=&#8221;.vc_custom_1518543775518{margin-bottom: 0px !important;}&#8221;]Jeder unserer Massager\u00e4ume wurde wundersch\u00f6n mit der richtigen [&hellip;]<\/p>\n","protected":false},"author":1,"featured_media":0,"parent":0,"menu_order":0,"comment_status":"closed","ping_status":"closed","template":"elementor_header_footer","meta":{"_acf_changed":false,"footnotes":""},"class_list":["post-2756","page","type-page","status-publish","hentry"],"acf":[],"_links":{"self":[{"href":"https:\/\/googleadultseo.com\/massage-templates1\/wp-json\/wp\/v2\/pages\/2756","targetHints":{"allow":["GET"]}}],"collection":[{"href":"https:\/\/googleadultseo.com\/massage-templates1\/wp-json\/wp\/v2\/pages"}],"about":[{"href":"https:\/\/googleadultseo.com\/massage-templates1\/wp-json\/wp\/v2\/types\/page"}],"author":[{"embeddable":true,"href":"https:\/\/googleadultseo.com\/massage-templates1\/wp-json\/wp\/v2\/users\/1"}],"replies":[{"embeddable":true,"href":"https:\/\/googleadultseo.com\/massage-templates1\/wp-json\/wp\/v2\/comments?post=2756"}],"version-history":[{"count":0,"href":"https:\/\/googleadultseo.com\/massage-templates1\/wp-json\/wp\/v2\/pages\/2756\/revisions"}],"wp:attachment":[{"href":"https:\/\/googleadultseo.com\/massage-templates1\/wp-json\/wp\/v2\/media?parent=2756"}],"curies":[{"name":"wp","href":"https:\/\/api.w.org\/{rel}","templated":true}]}}