{"id":2620,"date":"2019-09-05T15:59:12","date_gmt":"2019-09-05T15:59:12","guid":{"rendered":"https:\/\/pierismassage.com\/?page_id=2620"},"modified":"2019-09-05T15:59:12","modified_gmt":"2019-09-05T15:59:12","slug":"recepcios-allas-budapest-2","status":"publish","type":"page","link":"https:\/\/googleadultseo.com\/massage-templates1\/recepcios-allas-budapest-2\/","title":{"rendered":"Recepci\u00f3s"},"content":{"rendered":"<h2>Recepci\u00f3s<\/h2>\n<h1>Budapest belv\u00e1rosi massz\u00e1zs szalonj\u00e1ba RECEPCI\u00d3S koll\u00e9g\u00e1t keres\u00fcnk, AZONNALI KEZDD\u00c9SSEL!<\/h1>\n<p>\t\t\t\t\t<svg aria-hidden=\"true\" viewBox=\"0 0 384 512\" xmlns=\"http:\/\/www.w3.org\/2000\/svg\"><path d=\"M0 512V48C0 21.49 21.49 0 48 0h288c26.51 0 48 21.49 48 48v464L192 400 0 512z\"><\/path><\/svg><br \/>\n\t\t\t\t\t\t\t\t\t\t\t\t\t<img loading=\"lazy\" decoding=\"async\" width=\"1024\" height=\"421\" src=\"https:\/\/pierismassage.com\/wp-content\/uploads\/2019\/09\/recepcios-allas-budapest-1024x421.jpg\" alt=\"Recepci\u00f3s \u00e1ll\u00e1s Budapest\" srcset=\"https:\/\/pierismassage.com\/wp-content\/uploads\/2019\/09\/recepcios-allas-budapest-1024x421.jpg 1024w, https:\/\/pierismassage.com\/wp-content\/uploads\/2019\/09\/recepcios-allas-budapest-300x123.jpg 300w, https:\/\/pierismassage.com\/wp-content\/uploads\/2019\/09\/recepcios-allas-budapest-768x316.jpg 768w, https:\/\/pierismassage.com\/wp-content\/uploads\/2019\/09\/recepcios-allas-budapest-736x302.jpg 736w, https:\/\/pierismassage.com\/wp-content\/uploads\/2019\/09\/recepcios-allas-budapest-1280x526.jpg 1280w, https:\/\/pierismassage.com\/wp-content\/uploads\/2019\/09\/recepcios-allas-budapest-414x170.jpg 414w, https:\/\/pierismassage.com\/wp-content\/uploads\/2019\/09\/recepcios-allas-budapest.jpg 1920w\" sizes=\"auto, (max-width: 1024px) 100vw, 1024px\" \/><br \/>\n\t\t\t<a href=\"https:\/\/api.whatsapp.com\/send\/?phone=36707066696&#038;text&#038;type=phone_number&#038;app_absent=0\"><br \/>\n\t\t\t\t<svg aria-hidden=\"true\" viewBox=\"0 0 448 512\" xmlns=\"http:\/\/www.w3.org\/2000\/svg\"><path d=\"M380.9 97.1C339 55.1 283.2 32 223.9 32c-122.4 0-222 99.6-222 222 0 39.1 10.2 77.3 29.6 111L0 480l117.7-30.9c32.4 17.7 68.9 27 106.1 27h.1c122.3 0 224.1-99.6 224.1-222 0-59.3-25.2-115-67.1-157zm-157 341.6c-33.2 0-65.7-8.9-94-25.7l-6.7-4-69.8 18.3L72 359.2l-4.4-7c-18.5-29.4-28.2-63.3-28.2-98.2 0-101.7 82.8-184.5 184.6-184.5 49.3 0 95.6 19.2 130.4 54.1 34.8 34.9 56.2 81.2 56.1 130.5 0 101.8-84.9 184.6-186.6 184.6zm101.2-138.2c-5.5-2.8-32.8-16.2-37.9-18-5.1-1.9-8.8-2.8-12.5 2.8-3.7 5.6-14.3 18-17.6 21.8-3.2 3.7-6.5 4.2-12 1.4-32.6-16.3-54-29.1-75.5-66-5.7-9.8 5.7-9.1 16.3-30.3 1.8-3.7.9-6.9-.5-9.7-1.4-2.8-12.5-30.1-17.1-41.2-4.5-10.8-9.1-9.3-12.5-9.5-3.2-.2-6.9-.2-10.6-.2-3.7 0-9.7 1.4-14.8 6.9-5.1 5.6-19.4 19-19.4 46.3 0 27.3 19.9 53.7 22.6 57.4 2.8 3.7 39.1 59.7 94.8 83.8 35.2 15.2 49 16.5 66.6 13.9 10.7-1.6 32.8-13.4 37.4-26.4 4.6-13 4.6-24.1 3.2-26.4-1.3-2.5-5-3.9-10.5-6.6z\"><\/path><\/svg><br \/>\n\t\t\t\t\t\t\t\t\t K\u00e9rd\u00e9sed van? Jelentkezz Whatsapp-on!<br \/>\n\t\t\t\t\t<\/a><\/p>\n<h4>Recepci\u00f3s munkat\u00e1rs<\/h4>\n<p>Ide\u00e1lis munka azoknak , akik szeretn\u00e9k nyugodt , stresszmentes k\u00f6r\u00fclm\u00e9nyek k\u00f6z\u00f6tt t\u00f6lteni munkaidej\u00fcket , versenyk\u00e9pes fiet\u00e9s\u00e9rt.<\/p>\n<p><strong>Feladatok\/Elv\u00e1r\u00e1sok:<\/strong><br \/>\n<br \/> \u2013 \u00c1polt, ig\u00e9nyes megjelen\u00e9s <br \/>\u2013 Az \u00e9rkez\u0151 vend\u00e9gek fogad\u00e1sa<br \/>\n\u2013 H\u00edv\u00e1sok \u00e9s foglal\u00e1sok kezel\u00e9se <br \/>\n\u2013 Adminisztr\u00e1ci\u00f3s tev\u00e9kenys\u00e9gek ell\u00e1t\u00e1sa<br \/>\n\u2013 P\u00e9nzt\u00e1rg\u00e9p haszn\u00e1lat 10 \u00f3r\u00e1s munkaid\u0151ben<br \/>\n\u2013 Vend\u00e9gorient\u00e1lt, pozit\u00edv \u00e9s megb\u00edzhat\u00f3 szem\u00e9lyis\u00e9g<\/p>\n<p>A munkak\u00f6r bet\u00f6lt\u00e9s\u00e9hez elengedhetetlen a kedvess\u00e9g , a pontos \u00e9s prec\u00edz munkav\u00e9gz\u00e9s , alapszint\u0171 angol\/n\u00e9met nyelvtud\u00e1s.<\/p>\n<p><strong>Amit k\u00edn\u00e1lunk:<\/strong> <br \/>&#8211; Sz\u00e9p , nyugodt munkak\u00f6rnyezet <br \/>&#8211; Csapatban val\u00f3 egy\u00fcttm\u0171k\u00f6d\u00e9s <br \/>\u2013 Kisz\u00e1m\u00edthat\u00f3 j\u00f6vedelem  <\/p>\n<p>F\u00e9nyk\u00e9pes \u00f6n\u00e9letrajzokat a <strong>pierismassage@gmail.com<\/strong> c\u00edmre v\u00e1rjuk VAGY + 36 70 508 5231-es telefonsz\u00e1mon is el\u00e9rhet\u0151ek vagyunk!<\/p>\n<p><strong>Egy\u00e9b inform\u00e1ci\u00f3k:<\/strong><br \/> A Pieris Massage szalon Budapest egyik legn\u00edv\u00f3sabb massz\u00e1zs szalonja. <br \/>Semmilyen jelleg\u0171 szexu\u00e1lis szolg\u00e1ltat\u00e1sra nincs lehet\u0151s\u00e9g! <br \/>Szalonunkban kiz\u00e1r\u00f3lag tantrikus \u00e9s erotikus massz\u00e1zs szolg\u00e1ltat\u00e1s vehet\u0151 ig\u00e9nybe a t\u00f6bbi massz\u00e1zs t\u00edpuson fel\u00fcl.Kiz\u00e1r\u00f3lag massz\u0151z\u00f6ket keres\u00fcnk massz\u00e1zs szolg\u00e1lt\u00e1sra, semmilyen egy\u00e9b szolg\u00e1ltat\u00e1sra nincs lehet\u0151s\u00e9g! <br \/>Ezen inform\u00e1ci\u00f3k birtok\u00e1ban v\u00e1rjuk a jelentkez\u00e9sed sok szeretettel. \ud83d\ude42<\/p>\n<h3>T\u00f6ltse ki az \u0171rlapot !<\/h3>\n<p>\t\t\t\t\t<svg aria-hidden=\"true\" viewBox=\"0 0 384 512\" xmlns=\"http:\/\/www.w3.org\/2000\/svg\"><path d=\"M0 512V48C0 21.49 21.49 0 48 0h288c26.51 0 48 21.49 48 48v464L192 400 0 512z\"><\/path><\/svg><\/p>\n","protected":false},"excerpt":{"rendered":"<p>Recepci\u00f3s Budapest belv\u00e1rosi massz\u00e1zs szalonj\u00e1ba RECEPCI\u00d3S koll\u00e9g\u00e1t keres\u00fcnk, AZONNALI KEZDD\u00c9SSEL! K\u00e9rd\u00e9sed van? Jelentkezz Whatsapp-on! Recepci\u00f3s munkat\u00e1rs Ide\u00e1lis munka azoknak , akik szeretn\u00e9k nyugodt , stresszmentes k\u00f6r\u00fclm\u00e9nyek k\u00f6z\u00f6tt t\u00f6lteni munkaidej\u00fcket , versenyk\u00e9pes fiet\u00e9s\u00e9rt. Feladatok\/Elv\u00e1r\u00e1sok: \u2013 \u00c1polt, ig\u00e9nyes megjelen\u00e9s \u2013 Az \u00e9rkez\u0151 vend\u00e9gek fogad\u00e1sa \u2013 H\u00edv\u00e1sok \u00e9s foglal\u00e1sok kezel\u00e9se \u2013 Adminisztr\u00e1ci\u00f3s tev\u00e9kenys\u00e9gek ell\u00e1t\u00e1sa \u2013 P\u00e9nzt\u00e1rg\u00e9p haszn\u00e1lat 10 [&hellip;]<\/p>\n","protected":false},"author":1,"featured_media":0,"parent":0,"menu_order":0,"comment_status":"closed","ping_status":"closed","template":"elementor_header_footer","meta":{"_acf_changed":false,"footnotes":""},"class_list":["post-2620","page","type-page","status-publish","hentry"],"acf":[],"_links":{"self":[{"href":"https:\/\/googleadultseo.com\/massage-templates1\/wp-json\/wp\/v2\/pages\/2620","targetHints":{"allow":["GET"]}}],"collection":[{"href":"https:\/\/googleadultseo.com\/massage-templates1\/wp-json\/wp\/v2\/pages"}],"about":[{"href":"https:\/\/googleadultseo.com\/massage-templates1\/wp-json\/wp\/v2\/types\/page"}],"author":[{"embeddable":true,"href":"https:\/\/googleadultseo.com\/massage-templates1\/wp-json\/wp\/v2\/users\/1"}],"replies":[{"embeddable":true,"href":"https:\/\/googleadultseo.com\/massage-templates1\/wp-json\/wp\/v2\/comments?post=2620"}],"version-history":[{"count":0,"href":"https:\/\/googleadultseo.com\/massage-templates1\/wp-json\/wp\/v2\/pages\/2620\/revisions"}],"wp:attachment":[{"href":"https:\/\/googleadultseo.com\/massage-templates1\/wp-json\/wp\/v2\/media?parent=2620"}],"curies":[{"name":"wp","href":"https:\/\/api.w.org\/{rel}","templated":true}]}}