{"id":2515,"date":"2019-06-19T16:30:22","date_gmt":"2019-06-19T16:30:22","guid":{"rendered":"https:\/\/pierismassage.com\/?page_id=2515"},"modified":"2019-06-19T16:30:22","modified_gmt":"2019-06-19T16:30:22","slug":"job-offer-erotic-massage-budapest","status":"publish","type":"page","link":"https:\/\/googleadultseo.com\/massage-templates1\/job-offer-erotic-massage-budapest\/","title":{"rendered":"Job offer"},"content":{"rendered":"<h2>JOB OFFER<\/h2>\n<h1><a href=\"https:\/\/pierismassage.com\/erotikus-masszazs-munka\">BUDAPEST MASSAGE SALON IN DOWNTOWN IS SEARCHING FOR YOUNG LADIES, WITH IMMEDIATE START!<br \/>\nErotikus massz\u00e1zs munka \u00e9s \u00e1ll\u00e1s Budapest MAGYAR LE\u00cdR\u00c1SHOZ KATTINS IDE &gt;&gt;&gt;<\/a><\/h1>\n<p>\t\t\t\t\t\t\t\t\t\t\t\t\t<img loading=\"lazy\" decoding=\"async\" width=\"1024\" height=\"324\" src=\"https:\/\/pierismassage.com\/wp-content\/uploads\/2018\/11\/allasajanlat-erotikus-masszazs-header-1024x324.jpg\" alt=\"\" srcset=\"https:\/\/pierismassage.com\/wp-content\/uploads\/2018\/11\/allasajanlat-erotikus-masszazs-header-1024x324.jpg 1024w, https:\/\/pierismassage.com\/wp-content\/uploads\/2018\/11\/allasajanlat-erotikus-masszazs-header-300x95.jpg 300w, https:\/\/pierismassage.com\/wp-content\/uploads\/2018\/11\/allasajanlat-erotikus-masszazs-header-768x243.jpg 768w, https:\/\/pierismassage.com\/wp-content\/uploads\/2018\/11\/allasajanlat-erotikus-masszazs-header.jpg 1899w\" sizes=\"auto, (max-width: 1024px) 100vw, 1024px\" \/><br \/>\n\t\t\t<a href=\"https:\/\/pierismassage.com\/recepcios-allas-budapest\/\"><br \/>\n\t\t\t\t\t\t\t\t\tDO YOU HAVE ANY QUESTIONS? APPLY ON WHATSAPP<br \/>\n\t\t\t\t\t<\/a><\/p>\n<h3><a href=\"https:\/\/pierismassage.com\/erotikus-masszazs-munka\">We are looking for ladies who would like to earn more than average money at a comfortable, familiar and safe workplace in one of the most advanced massage salon in downtown Budapest.<\/a><\/h3>\n<p>\t\tGUARANTEED, you don\u2019t have to provide more only massage, and you can expect high income within a few days, even part-time<strong>What we expect:<\/strong><br \/>\n<br \/>\n&#8211; friendly, polite personality<br \/>\n<br \/>\n&#8211; good connection and problem solving skills<br \/>\n<br \/>\n&#8211; high-quality, well-groomed appearance and workload are important<br \/>\n<strong>Advantage for filling the job is:<\/strong><br \/>\n<br \/>\n&#8211; professional qualifications or experience in a similar field<br \/>\n<br \/>\n&#8211; basic or intermediate level language proficiency, but not a requirement.<strong>Other Information:<\/strong><br \/>\n<br \/>\n&#8211; PIERIS MASSAGE SALON IS ONE OF THE MOST EXCLUSIVE MASSAGE SALONS IN BUDAPEST.<br \/>\n<br \/>\n&#8211; NO POSSIBILITY FOR ANY SEXUAL SERVICE!<br \/>\n<br \/>\nONLY TANTRIC AND EROTICAL MASSAGE SERVICES IS AVAILABLE IN THE SALON, AND MULTIPLE PROFESSIONAL MASSAGE TYPES.<br \/>\n<br \/>\nWE ARE LOOKING FOR MASSEUSES FOR MASSAGE SERVICE ONLY, NO OPPORTUNITY FOR ANY OTHER SERVICES!<br \/>\n<br \/>\nWE ARE LOOKING FORWARD TO HEAR FROM YOU. \ud83d\ude42\t\t<\/p>\n<h2>We are waiting for your application!<\/h2>\n<h3>YOU CAN ALSO FILL OUT OUR CONTACT FORM<\/h3>\n","protected":false},"excerpt":{"rendered":"<p>JOB OFFER BUDAPEST MASSAGE SALON IN DOWNTOWN IS SEARCHING FOR YOUNG LADIES, WITH IMMEDIATE START! Erotikus massz\u00e1zs munka \u00e9s \u00e1ll\u00e1s Budapest MAGYAR LE\u00cdR\u00c1SHOZ KATTINS IDE &gt;&gt;&gt; DO YOU HAVE ANY QUESTIONS? APPLY ON WHATSAPP We are looking for ladies who would like to earn more than average money at a comfortable, familiar and safe workplace [&hellip;]<\/p>\n","protected":false},"author":1,"featured_media":0,"parent":0,"menu_order":0,"comment_status":"closed","ping_status":"closed","template":"elementor_header_footer","meta":{"_acf_changed":false,"footnotes":""},"class_list":["post-2515","page","type-page","status-publish","hentry"],"acf":[],"_links":{"self":[{"href":"https:\/\/googleadultseo.com\/massage-templates1\/wp-json\/wp\/v2\/pages\/2515","targetHints":{"allow":["GET"]}}],"collection":[{"href":"https:\/\/googleadultseo.com\/massage-templates1\/wp-json\/wp\/v2\/pages"}],"about":[{"href":"https:\/\/googleadultseo.com\/massage-templates1\/wp-json\/wp\/v2\/types\/page"}],"author":[{"embeddable":true,"href":"https:\/\/googleadultseo.com\/massage-templates1\/wp-json\/wp\/v2\/users\/1"}],"replies":[{"embeddable":true,"href":"https:\/\/googleadultseo.com\/massage-templates1\/wp-json\/wp\/v2\/comments?post=2515"}],"version-history":[{"count":0,"href":"https:\/\/googleadultseo.com\/massage-templates1\/wp-json\/wp\/v2\/pages\/2515\/revisions"}],"wp:attachment":[{"href":"https:\/\/googleadultseo.com\/massage-templates1\/wp-json\/wp\/v2\/media?parent=2515"}],"curies":[{"name":"wp","href":"https:\/\/api.w.org\/{rel}","templated":true}]}}