{"id":2313,"date":"2017-04-20T12:26:52","date_gmt":"2017-04-20T12:26:52","guid":{"rendered":"https:\/\/pierismassage.com\/contact-us\/"},"modified":"2017-04-20T12:26:52","modified_gmt":"2017-04-20T12:26:52","slug":"contattaci","status":"publish","type":"page","link":"https:\/\/googleadultseo.com\/massage-templates1\/contattaci\/","title":{"rendered":"Contatto"},"content":{"rendered":"<h2>Contattaci<\/h2>\n<h1>Massaggiatrici istruite, belle, irresistibili, sofisticate ed esperte ti aspettano in un ambiente di lusso civile e discreto al Pieris Massage, nel cuore della citt\u00e0. Contattaci qui sotto per prenotare il miglior massaggio erotico a Budapest.<\/h1>\n<p>\t\t\t\t\t\t\t\t\t\t\t\t\t<img loading=\"lazy\" decoding=\"async\" width=\"1024\" height=\"454\" src=\"https:\/\/pierismassage.com\/wp-content\/uploads\/2017\/12\/photo-2017.-11.-14.-14-27-32-1024x454.jpg\" alt=\"\" srcset=\"https:\/\/pierismassage.com\/wp-content\/uploads\/2017\/12\/photo-2017.-11.-14.-14-27-32-1024x454.jpg 1024w, https:\/\/pierismassage.com\/wp-content\/uploads\/2017\/12\/photo-2017.-11.-14.-14-27-32-300x133.jpg 300w, https:\/\/pierismassage.com\/wp-content\/uploads\/2017\/12\/photo-2017.-11.-14.-14-27-32-768x340.jpg 768w\" sizes=\"auto, (max-width: 1024px) 100vw, 1024px\" \/><br \/>\n\t\tIl salone di massaggi Pieris si trova nel centro di Budapest, nel VII distretto, al numero civico di Budapest, Radn\u00f3ti Mikl\u00f3s 17, 1137. \u00c8 facilmente raggiungibile con i mezzi pubblici poich\u00e9 si trova a soli 3 minuti a piedi da Piazza degli Eroi e. di fronte ad uno dei parchi pi\u00f9 importanti di Budapest, Varos Liget. \u00c8 raggiungibile con la linea 1 della metropolitana, Trolibus 74,75 e 79M oppure con gli autobus 30,30A,230,979,5,7,110 o 112. Gli ospiti che arrivano in auto possono parcheggiare negli spazi pubblici lungo la strada.\t\t<\/p>\n<h3>Le nostre massaggiatrici erotiche<\/h3>\n<h4>Massaggiatrice di massaggi erotici<\/h4>\n<p>\t\tSe stai cercando il massaggio erotico definitivo a Budapest, non cercare oltre Pieris Massage. Che tu sia qui per affari, per piacere o per una persona del posto in cerca di una fuga lussuosa, offriamo il massaggio erotico pi\u00f9 rilassante di Budapest, progettato per risvegliare i tuoi sensi e farti sentire completamente ringiovanito. Budapest \u00e8 conosciuta per la sua ricca storia, la bellissima architettura e le terme di fama mondiale. Ma sapevate che anche qui si possono trovare le pi\u00f9 belle esperienze di massaggio erotico? A Pieris Massage siamo orgogliosi di offrire un eccezionale massaggio erotico a Budapest che unisce relax, sensualit\u00e0 e tecniche esperte. I nostri massaggi sensuali vanno oltre il rilassamento fisico: sono un viaggio olistico per corpo e mente.\t\t<\/p>\n<h2>Posizione<\/h2>\n<h4>Ottieni indicazioni per il salone<\/h4>\n<p>\t\tCi piacerebbe sentire la tua opinione! Se avete domande, avete bisogno di ulteriori informazioni sui nostri servizi o volete fissare un appuntamento, non esitate a contattarci. Potete raggiungerci come segue. Per un aiuto pi\u00f9 rapido, chiamaci. Puoi anche compilare il modulo di contatto qui sotto e ti risponderemo il prima possibile. Ci impegniamo a fornire un&#8217;esperienza di servizio eccezionale e discreta.<br \/>\n\t\t\t\t<a href=\"https:\/\/www.google.com\/maps\/place\/\/data=!4m2!3m1!1s0x4741ddc4293a7b65:0xc7c70e440304260a?sa=X&#038;ved=1t:8290&#038;ictx=111\" tabindex=\"-1\"><br \/>\n\t\t\t\t\t\t\t\t<\/a><\/p>\n<h3>\n\t\t\t\t\t\t<a href=\"https:\/\/www.google.com\/maps\/place\/\/data=!4m2!3m1!1s0x4741ddc4293a7b65:0xc7c70e440304260a?sa=X&#038;ved=1t:8290&#038;ictx=111\" ><br \/>\n\t\t\t\t\t\t\tErzs\u00e9bet k\u00f6r\u00fat 35, Budapest\u00a01073\t\t\t\t\t\t<\/a><br \/>\n\t\t\t\t\t<\/h3>\n<p>\t\t\t\t<a href=\"tel:+36%2070%207066696\" tabindex=\"-1\"><br \/>\n\t\t\t\t\t\t\t\t<\/a><\/p>\n<h3>\n\t\t\t\t\t\t<a href=\"tel:+36%2070%207066696\" ><br \/>\n\t\t\t\t\t\t\t+36 70 7066696\t\t\t\t\t\t<\/a><br \/>\n\t\t\t\t\t<\/h3>\n<p>\t\t\t\t<a href=\"mailto:pierismassage@gmail.com\" tabindex=\"-1\"><br \/>\n\t\t\t\t\t\t\t\t<\/a><\/p>\n<h3>\n\t\t\t\t\t\t<a href=\"mailto:pierismassage@gmail.com\" ><br \/>\n\t\t\t\t\t\t\tpierismassage@gmail.com\t\t\t\t\t\t<\/a><br \/>\n\t\t\t\t\t<\/h3>\n<p>\t\t\t<iframe loading=\"lazy\"\n\t\t\t\t\tsrc=\"https:\/\/maps.google.com\/maps?q=Budapest%2C%20Radn%C3%B3ti%20Mikl%C3%B3s%20u.%2017%2C%201137%20Hungary&#038;t=m&#038;z=10&#038;output=embed&#038;iwloc=near\"\n\t\t\t\t\ttitle=\"Budapest, Radn\u00f3ti Mikl\u00f3s u. 17, 1137 Hungary\"\n\t\t\t\t\taria-label=\"Budapest, Radn\u00f3ti Mikl\u00f3s u. 17, 1137 Hungary\"\n\t\t\t><\/iframe><\/p>\n<h3>\n\t\t\t\t\t\t\tPublic transport:<br \/>\n\t\t\t\t\t<\/h3>\n<p>\n\t\t\t\t\t\tOur salon is conveniently located and easily accessible by public transport Just a 5-minute walk from Blaha Lujza ter Metro Station. A 1-minute walk from the Wessel\u00e9nyi 4-6 tram stop and only a 5-minute walk from the Oktogon Metro Station.\n\t\t\t\t\t<\/p>\n<h3>\n\t\t\t\t\t\t<a href=\"tel:+36%2070%207066696\" ><br \/>\n\t\t\t\t\t\t\tCar:\t\t\t\t\t\t<\/a><br \/>\n\t\t\t\t\t<\/h3>\n<p>\n\t\t\t\t\t\tStreet parking is available via parking meters. Alternatively, you can use the WestEnd Mall parking garage nearby.\n\t\t\t\t\t<\/p>\n<h3>\n\t\t\t\t\t\t<a href=\"mailto:pierismassage@gmail.com\" ><br \/>\n\t\t\t\t\t\t\tBus:\t\t\t\t\t\t<\/a><br \/>\n\t\t\t\t\t<\/h3>\n<p>\n\t\t\t\t\t\tBus 74 in Wesselenyi stop 1min away\n\t\t\t\t\t<\/p>\n<h3>\n\t\t\t\t\t\t\tTrams:<br \/>\n\t\t\t\t\t<\/h3>\n<p>\n\t\t\t\t\t\tThe popular tram 4 and 6 stopping just in front of our salon in Wessel\u00e9nyi tram stop.\n\t\t\t\t\t<\/p>\n<h3>\n\t\t\t\t\t\t<a href=\"tel:+36%2070%207066696\" ><br \/>\n\t\t\t\t\t\t\tTaxi:\t\t\t\t\t\t<\/a><br \/>\n\t\t\t\t\t<\/h3>\n<p>\n\t\t\t\t\t\tF\u0151taxi: +36 (1) 2222-222 (300Ft\/km)<br \/>\nTaxi Plus: +36 (1) 8888-000 (300Ft\/km)<br \/>\nBudapest Taxi: +36 (1) 777-7777 (300Ft\/km)<br \/>\nCity Taxi: +36 (1 ) 2-111-111 (300Ft\/km)<br \/>\nBasic fee: 700 Ft\n\t\t\t\t\t<\/p>\n<h3>\n\t\t\t\t\t\t<a href=\"mailto:pierismassage@gmail.com\" ><br \/>\n\t\t\t\t\t\t\tWalking Distance:\t\t\t\t\t\t<\/a><br \/>\n\t\t\t\t\t<\/h3>\n<p>\n\t\t\t\t\t\tJust a 5-minute walk from Blaha Lujza Metro Station.<br \/>\nA 1-minute walk from the 4-6 tram stop. Only a 10-minute walk from Nyugati\u00a0Train\u00a0Station.\t\t\t\t\t<\/p>\n<h4>Rimani in contatto!<\/h4>\n","protected":false},"excerpt":{"rendered":"<p>Contattaci Massaggiatrici istruite, belle, irresistibili, sofisticate ed esperte ti aspettano in un ambiente di lusso civile e discreto al Pieris Massage, nel cuore della citt\u00e0. Contattaci qui sotto per prenotare il miglior massaggio erotico a Budapest. Il salone di massaggi Pieris si trova nel centro di Budapest, nel VII distretto, al numero civico di Budapest, [&hellip;]<\/p>\n","protected":false},"author":1,"featured_media":0,"parent":0,"menu_order":0,"comment_status":"closed","ping_status":"closed","template":"elementor_header_footer","meta":{"_acf_changed":false,"footnotes":""},"class_list":["post-2313","page","type-page","status-publish","hentry"],"acf":[],"_links":{"self":[{"href":"https:\/\/googleadultseo.com\/massage-templates1\/wp-json\/wp\/v2\/pages\/2313","targetHints":{"allow":["GET"]}}],"collection":[{"href":"https:\/\/googleadultseo.com\/massage-templates1\/wp-json\/wp\/v2\/pages"}],"about":[{"href":"https:\/\/googleadultseo.com\/massage-templates1\/wp-json\/wp\/v2\/types\/page"}],"author":[{"embeddable":true,"href":"https:\/\/googleadultseo.com\/massage-templates1\/wp-json\/wp\/v2\/users\/1"}],"replies":[{"embeddable":true,"href":"https:\/\/googleadultseo.com\/massage-templates1\/wp-json\/wp\/v2\/comments?post=2313"}],"version-history":[{"count":0,"href":"https:\/\/googleadultseo.com\/massage-templates1\/wp-json\/wp\/v2\/pages\/2313\/revisions"}],"wp:attachment":[{"href":"https:\/\/googleadultseo.com\/massage-templates1\/wp-json\/wp\/v2\/media?parent=2313"}],"curies":[{"name":"wp","href":"https:\/\/api.w.org\/{rel}","templated":true}]}}