{"id":2286,"date":"2017-11-03T13:28:09","date_gmt":"2017-11-03T13:28:09","guid":{"rendered":"https:\/\/pierismassage.com\/masseuses\/"},"modified":"2017-11-03T13:28:09","modified_gmt":"2017-11-03T13:28:09","slug":"massaggiatrici","status":"publish","type":"page","link":"https:\/\/googleadultseo.com\/massage-templates1\/massaggiatrici\/","title":{"rendered":"Massaggiatrici"},"content":{"rendered":"<h2>Massaggiatrici di massaggi erotici a Budapest<\/h2>\n<h1>Le nostre massaggiatrici<\/h1>\n<p>\t\tAl Pieris Massage di Budapest, le nostre massaggiatrici altamente qualificate e professionali offrono un&#8217;esperienza di massaggio erotico indimenticabile, progettata per rilassare, ringiovanire e risvegliare i tuoi sensi. Ognuna delle nostre massaggiatrici esperte non solo \u00e8 addestrata in varie tecniche di massaggio, ma incarna anche una profonda comprensione delle esigenze del tuo corpo. Con il loro tocco intuitivo, la cura attenta e la capacit\u00e0 di creare un&#8217;atmosfera rilassante e intima, assicurano che ogni sessione sia adattata al tuo comfort e alla tua soddisfazione. Scegli il massaggio Pieris per un&#8217;esperienza elevata e sensuale che ti fa sentire rivitalizzato, coccolato e completamente a tuo agio.\t\t<\/p>\n<h3>Massaggiatrici istruite, belle, irresistibili, sofisticate ed esperte aspettano al VII un ambiente di lusso civile e discreto. quartiere, nel cuore della citt\u00e0.<\/h3>\n<p>\t\tTieni presente che le foto delle massaggiatrici vengono scattate in uno studio fotografico con un fotografo esperto. Le massaggiatrici indossano trucchi professionali e abiti perfetti per quell&#8217;occasione specifica. Ma garantiamo che le foto sono reali e recenti. La ragazza che sceglierai sul nostro sito sar\u00e0 la stessa persona che incontrerai nel nostro salone. Ci\u00f2 che vedi \u00e8 ci\u00f2 che ottieni!<br \/>\nLa salute e la sicurezza sono una delle cose pi\u00f9 importanti di cui ci prendiamo cura nel nostro salone. Ci assicuriamo che le nostre massaggiatrici non abbiano alcun tipo di infezione o malattia effettuando controlli medici mensili. Al minimo sintomo di malattia, richiediamo immediatamente la supervisione professionale dei medici e loro potranno tornare al salone solo una volta completamente guariti. Uno dei motivi principali per cui i clienti scelgono il nostro salone \u00e8 per le ragazze che lavorano qui. Sono professionisti qualificati con certificati che lo dimostrano. Oltre a ci\u00f2, hanno una vasta esperienza e un background impeccabile nel settore.\t\t<\/p>\n<h2>Bleiben Sie in Kontakt!<\/h2>\n<h2>RESTA IN CONTATTO!<\/h2>\n","protected":false},"excerpt":{"rendered":"<p>Massaggiatrici di massaggi erotici a Budapest Le nostre massaggiatrici Al Pieris Massage di Budapest, le nostre massaggiatrici altamente qualificate e professionali offrono un&#8217;esperienza di massaggio erotico indimenticabile, progettata per rilassare, ringiovanire e risvegliare i tuoi sensi. Ognuna delle nostre massaggiatrici esperte non solo \u00e8 addestrata in varie tecniche di massaggio, ma incarna anche una profonda [&hellip;]<\/p>\n","protected":false},"author":1,"featured_media":0,"parent":0,"menu_order":0,"comment_status":"closed","ping_status":"closed","template":"elementor_header_footer","meta":{"_acf_changed":false,"footnotes":""},"class_list":["post-2286","page","type-page","status-publish","hentry"],"acf":[],"_links":{"self":[{"href":"https:\/\/googleadultseo.com\/massage-templates1\/wp-json\/wp\/v2\/pages\/2286","targetHints":{"allow":["GET"]}}],"collection":[{"href":"https:\/\/googleadultseo.com\/massage-templates1\/wp-json\/wp\/v2\/pages"}],"about":[{"href":"https:\/\/googleadultseo.com\/massage-templates1\/wp-json\/wp\/v2\/types\/page"}],"author":[{"embeddable":true,"href":"https:\/\/googleadultseo.com\/massage-templates1\/wp-json\/wp\/v2\/users\/1"}],"replies":[{"embeddable":true,"href":"https:\/\/googleadultseo.com\/massage-templates1\/wp-json\/wp\/v2\/comments?post=2286"}],"version-history":[{"count":0,"href":"https:\/\/googleadultseo.com\/massage-templates1\/wp-json\/wp\/v2\/pages\/2286\/revisions"}],"wp:attachment":[{"href":"https:\/\/googleadultseo.com\/massage-templates1\/wp-json\/wp\/v2\/media?parent=2286"}],"curies":[{"name":"wp","href":"https:\/\/api.w.org\/{rel}","templated":true}]}}