{"id":2269,"date":"2018-02-13T10:23:17","date_gmt":"2018-02-13T10:23:17","guid":{"rendered":"https:\/\/pierismassage.com\/massage-therapies-widget\/"},"modified":"2018-02-13T10:23:17","modified_gmt":"2018-02-13T10:23:17","slug":"massage-therapies-widget-3","status":"publish","type":"page","link":"https:\/\/googleadultseo.com\/massage-templates1\/massage-therapies-widget-3\/","title":{"rendered":"Widget per terapie di massaggio"},"content":{"rendered":"<p>[mk_page_section attachment=&#8221;fixed&#8221; bg_stretch=&#8221;true&#8221; sidebar=&#8221;sidebar-1&#8243;][vc_column][vc_row_inner][vc_column_inner width=&#8221;1\/3&#8243;][vc_hoverbox image=&#8221;1925&#8243; primary_title=&#8221;MASSAGGIO EDONISTICO&#8221; primary_title_font_container=&#8221;font_size:22|color:%23bba36b&#8221; primary_title_use_theme_fonts=&#8221;yes&#8221; primary_title_css_animation=&#8221;fadeIn&#8221; hover_title=&#8221;MASSAGGIO EDONISTICO&#8221; hover_title_font_container=&#8221;font_size:22|color:%23000000&#8243; hover_title_use_theme_fonts=&#8221;yes&#8221; shape=&#8221;square&#8221; hover_background_color=&#8221;custom&#8221; hover_btn_title=&#8221;DI PI\u00d9&#8221; hover_btn_style=&#8221;flat&#8221; hover_btn_shape=&#8221;square&#8221; hover_btn_color=&#8221;black&#8221; use_custom_fonts_primary_title=&#8221;true&#8221; use_custom_fonts_hover_title=&#8221;true&#8221; hover_add_button=&#8221;true&#8221; hover_custom_background=&#8221;#bba36b&#8221; primary_title_link=&#8221;url:https%3A%2F%2Fpierismassage.com%2Fit%2Fterapie-di-massaggio%2Fmassaggio-edonistico%2F|||&#8221; hover_title_link=&#8221;url:https%3A%2F%2Fpierismassage.com%2Fit%2Fterapie-di-massaggio%2Fmassaggio-edonistico%2F|||&#8221; hover_btn_link=&#8221;url:https%3A%2F%2Fpierismassage.com%2Fit%2Fterapie-di-massaggio%2Fmassaggio-edonistico%2F|||&#8221;]L&#8217;edonista, un uomo che crede che lo scopo della vita umana nei piaceri sensuali&#8230;[\/vc_hoverbox][vc_empty_space height=&#8221;30px&#8221;][\/vc_column_inner][vc_column_inner width=&#8221;1\/3&#8243;][vc_hoverbox image=&#8221;1700&#8243; primary_title=&#8221;MASSAGGIO OLISTICO CLASSICO AL CORPO&#8221; primary_title_font_container=&#8221;font_size:22|color:%23bba36b&#8221; primary_title_use_theme_fonts=&#8221;yes&#8221; primary_title_css_animation=&#8221;fadeIn&#8221; hover_title=&#8221;MASSAGGIO OLISTICO CLASSICO AL CORPO&#8221; hover_title_font_container=&#8221;font_size:22|color:%23000000&#8243; hover_title_use_theme_fonts=&#8221;yes&#8221; shape=&#8221;square&#8221; hover_background_color=&#8221;custom&#8221; hover_btn_title=&#8221;DI PI\u00d9&#8221; hover_btn_style=&#8221;flat&#8221; hover_btn_shape=&#8221;square&#8221; hover_btn_color=&#8221;black&#8221; use_custom_fonts_primary_title=&#8221;true&#8221; use_custom_fonts_hover_title=&#8221;true&#8221; hover_add_button=&#8221;true&#8221; hover_custom_background=&#8221;#bba36b&#8221; primary_title_link=&#8221;url:https%3A%2F%2Fpierismassage.com%2Fit%2Fterapie-di-massaggio%2Fmassaggio-olistico-classico-al-corpo%2F|||&#8221; hover_btn_link=&#8221;url:https%3A%2F%2Fpierismassage.com%2Fit%2Fterapie-di-massaggio%2Fmassaggio-olistico-classico-al-corpo%2F|||&#8221; hover_title_link=&#8221;url:https%3A%2F%2Fpierismassage.com%2Fit%2Fterapie-di-massaggio%2Fmassaggio-olistico-classico-al-corpo%2F|||&#8221;]Il termine &#8220;olistico&#8221; deriva dalla parola greca &#8220;holos&#8221; che significa intero.[\/vc_hoverbox][vc_empty_space height=&#8221;30px&#8221;][\/vc_column_inner][vc_column_inner width=&#8221;1\/3&#8243;][vc_hoverbox image=&#8221;1698&#8243; primary_title=&#8221;MASSAGGIO BAMB\u00d9&#8221; primary_title_font_container=&#8221;font_size:22|color:%23bba36b&#8221; primary_title_use_theme_fonts=&#8221;yes&#8221; primary_title_css_animation=&#8221;fadeIn&#8221; hover_title=&#8221;MASSAGGIO BAMB\u00d9&#8221; hover_title_font_container=&#8221;font_size:22|color:%23000000&#8243; hover_title_use_theme_fonts=&#8221;yes&#8221; shape=&#8221;square&#8221; hover_background_color=&#8221;custom&#8221; hover_btn_title=&#8221;DI PI\u00d9&#8221; hover_btn_style=&#8221;flat&#8221; hover_btn_shape=&#8221;square&#8221; hover_btn_color=&#8221;black&#8221; use_custom_fonts_primary_title=&#8221;true&#8221; use_custom_fonts_hover_title=&#8221;true&#8221; hover_add_button=&#8221;true&#8221; hover_custom_background=&#8221;#bba36b&#8221; primary_title_link=&#8221;url:https%3A%2F%2Fpierismassage.com%2Fit%2Fterapie-di-massaggio%2Fmassaggio-bambu%2F|||&#8221; hover_title_link=&#8221;url:https%3A%2F%2Fpierismassage.com%2Fit%2Fterapie-di-massaggio%2Fmassaggio-bambu%2F|||&#8221; hover_btn_link=&#8221;url:https%3A%2F%2Fpierismassage.com%2Fit%2Fterapie-di-massaggio%2Fmassaggio-bambu%2F|||&#8221;]Il massaggio di bamb\u00f9 \u00e8 il trattamento pi\u00f9 nuovo e pi\u00f9 esotico dal massaggio con pietre calde.[\/vc_hoverbox][vc_empty_space height=&#8221;30px&#8221;][\/vc_column_inner][\/vc_row_inner][vc_row_inner][vc_column_inner width=&#8221;1\/3&#8243;][vc_hoverbox image=&#8221;1707&#8243; primary_title=&#8221;MASSAGGIO LINGHAM&#8221; primary_title_font_container=&#8221;font_size:22|color:%23bba36b&#8221; primary_title_use_theme_fonts=&#8221;yes&#8221; primary_title_css_animation=&#8221;fadeIn&#8221; hover_title=&#8221;MASSAGGIO LINGHAM&#8221; hover_title_font_container=&#8221;font_size:22|color:%23000000&#8243; hover_title_use_theme_fonts=&#8221;yes&#8221; shape=&#8221;square&#8221; hover_background_color=&#8221;custom&#8221; hover_btn_title=&#8221;DI PI\u00d9&#8221; hover_btn_style=&#8221;flat&#8221; hover_btn_shape=&#8221;square&#8221; hover_btn_color=&#8221;black&#8221; use_custom_fonts_primary_title=&#8221;true&#8221; use_custom_fonts_hover_title=&#8221;true&#8221; hover_add_button=&#8221;true&#8221; hover_custom_background=&#8221;#bba36b&#8221; primary_title_link=&#8221;url:https%3A%2F%2Fpierismassage.com%2Fit%2Fterapie-di-massaggio%2Fmassaggio-lingham%2F|||&#8221; hover_title_link=&#8221;url:https%3A%2F%2Fpierismassage.com%2Fit%2Fterapie-di-massaggio%2Fmassaggio-lingham%2F|||&#8221; hover_btn_link=&#8221;url:https%3A%2F%2Fpierismassage.com%2Fit%2Fterapie-di-massaggio%2Fmassaggio-lingham%2F|||&#8221;]L&#8217;origine del sanscrito di Lingham e il significato della colonna di luce.[\/vc_hoverbox][vc_empty_space height=&#8221;30px&#8221;][\/vc_column_inner][vc_column_inner width=&#8221;1\/3&#8243;][vc_hoverbox image=&#8221;1920&#8243; primary_title=&#8221;MASSAGGIO TANTRA&#8221; primary_title_font_container=&#8221;font_size:22|color:%23bba36b&#8221; primary_title_use_theme_fonts=&#8221;yes&#8221; primary_title_css_animation=&#8221;fadeIn&#8221; hover_title=&#8221;MASSAGGIO TANTRA&#8221; hover_title_font_container=&#8221;font_size:22|color:%23000000&#8243; hover_title_use_theme_fonts=&#8221;yes&#8221; shape=&#8221;square&#8221; hover_background_color=&#8221;custom&#8221; hover_btn_title=&#8221;DI PI\u00d9&#8221; hover_btn_style=&#8221;flat&#8221; hover_btn_shape=&#8221;square&#8221; hover_btn_color=&#8221;black&#8221; use_custom_fonts_primary_title=&#8221;true&#8221; use_custom_fonts_hover_title=&#8221;true&#8221; hover_add_button=&#8221;true&#8221; hover_custom_background=&#8221;#bba36b&#8221; primary_title_link=&#8221;url:https%3A%2F%2Fpierismassage.com%2Fit%2Fterapie-di-massaggio%2Fmassaggio-tantra%2F|||&#8221; hover_title_link=&#8221;url:https%3A%2F%2Fpierismassage.com%2Fit%2Fterapie-di-massaggio%2Fmassaggio-tantra%2F|||&#8221; hover_btn_link=&#8221;url:https%3A%2F%2Fpierismassage.com%2Fit%2Fterapie-di-massaggio%2Fmassaggio-tantra%2F|||&#8221;]Massaggio erotico o massaggio sensuale \u00e8 l&#8217;uso di metodi speciali di tecniche di massaggio&#8230;[\/vc_hoverbox][vc_empty_space height=&#8221;30px&#8221;][\/vc_column_inner][vc_column_inner width=&#8221;1\/3&#8243;][vc_hoverbox image=&#8221;1703&#8243; primary_title=&#8221;MASSAGGIO A QUATTRO MANI&#8221; primary_title_font_container=&#8221;font_size:22|color:%23bba36b&#8221; primary_title_use_theme_fonts=&#8221;yes&#8221; primary_title_css_animation=&#8221;fadeIn&#8221; hover_title=&#8221;MASSAGGIO A QUATTRO MANI &#8221; hover_title_font_container=&#8221;font_size:22|color:%23000000&#8243; hover_title_use_theme_fonts=&#8221;yes&#8221; shape=&#8221;square&#8221; hover_background_color=&#8221;custom&#8221; hover_btn_title=&#8221;DI PI\u00d9&#8221; hover_btn_style=&#8221;flat&#8221; hover_btn_shape=&#8221;square&#8221; hover_btn_color=&#8221;black&#8221; use_custom_fonts_primary_title=&#8221;true&#8221; use_custom_fonts_hover_title=&#8221;true&#8221; hover_add_button=&#8221;true&#8221; hover_custom_background=&#8221;#bba36b&#8221; primary_title_link=&#8221;url:https%3A%2F%2Fpierismassage.com%2Fit%2Fterapie-di-massaggio%2Fmassaggio-a-quattro-mani-massaggio-sincrono%2F|||&#8221; hover_title_link=&#8221;url:https%3A%2F%2Fpierismassage.com%2Fit%2Fterapie-di-massaggio%2Fmassaggio-a-quattro-mani-massaggio-sincrono%2F|||&#8221; hover_btn_link=&#8221;url:https%3A%2F%2Fpierismassage.com%2Fit%2Fterapie-di-massaggio%2Fmassaggio-a-quattro-mani-massaggio-sincrono%2F|||&#8221;]Massaggio unico a quattro mani (Massaggio sincrono) a Budapest. Un &#8220;Devi provare l&#8217;esperienza!&#8221;[\/vc_hoverbox][vc_empty_space height=&#8221;30px&#8221;][\/vc_column_inner][\/vc_row_inner][vc_row_inner][vc_column_inner width=&#8221;1\/3&#8243;][vc_hoverbox image=&#8221;1987&#8243; primary_title=&#8221;MASSAGGIO DI AROMATERAPIA SVEDESE&#8221; primary_title_font_container=&#8221;font_size:22|color:%23bba36b&#8221; primary_title_use_theme_fonts=&#8221;yes&#8221; primary_title_css_animation=&#8221;fadeIn&#8221; hover_title=&#8221;MASSAGGIO DI AROMATERAPIA SVEDESE&#8221; hover_title_font_container=&#8221;font_size:22|color:%23000000&#8243; hover_title_use_theme_fonts=&#8221;yes&#8221; shape=&#8221;square&#8221; hover_background_color=&#8221;custom&#8221; hover_btn_title=&#8221;DI PI\u00d9&#8221; hover_btn_style=&#8221;flat&#8221; hover_btn_shape=&#8221;square&#8221; hover_btn_color=&#8221;black&#8221; use_custom_fonts_primary_title=&#8221;true&#8221; use_custom_fonts_hover_title=&#8221;true&#8221; hover_add_button=&#8221;true&#8221; hover_custom_background=&#8221;#bba36b&#8221; primary_title_link=&#8221;url:https%3A%2F%2Fpierismassage.com%2Fit%2Fterapie-di-massaggio%2Fmassaggio-di-aromaterapia-svedese%2F|||&#8221; hover_title_link=&#8221;url:https%3A%2F%2Fpierismassage.com%2Fit%2Fterapie-di-massaggio%2Fmassaggio-di-aromaterapia-svedese%2F|||&#8221; hover_btn_link=&#8221;url:https%3A%2F%2Fpierismassage.com%2Fit%2Fterapie-di-massaggio%2Fmassaggio-di-aromaterapia-svedese%2F|||&#8221;]Massaggio aromaterapico con un rituale di rilassamento.[\/vc_hoverbox][vc_empty_space height=&#8221;30px&#8221;][\/vc_column_inner][vc_column_inner width=&#8221;1\/3&#8243;][vc_hoverbox image=&#8221;1991&#8243; primary_title=&#8221;MASSAGGIO TANTRA PER DONNE&#8221; primary_title_font_container=&#8221;font_size:22|color:%23bba36b&#8221; primary_title_use_theme_fonts=&#8221;yes&#8221; primary_title_css_animation=&#8221;fadeIn&#8221; hover_title=&#8221;MASSAGGIO TANTRA PER DONNE&#8221; hover_title_font_container=&#8221;font_size:22|color:%23000000&#8243; hover_title_use_theme_fonts=&#8221;yes&#8221; shape=&#8221;square&#8221; hover_background_color=&#8221;custom&#8221; hover_btn_title=&#8221;DI PI\u00d9&#8221; hover_btn_style=&#8221;flat&#8221; hover_btn_shape=&#8221;square&#8221; hover_btn_color=&#8221;black&#8221; use_custom_fonts_primary_title=&#8221;true&#8221; use_custom_fonts_hover_title=&#8221;true&#8221; hover_add_button=&#8221;true&#8221; hover_custom_background=&#8221;#bba36b&#8221; primary_title_link=&#8221;url:https%3A%2F%2Fpierismassage.com%2Fit%2Fterapie-di-massaggio%2Fmassaggio-tantra-per-donne%2F|||&#8221; hover_title_link=&#8221;url:https%3A%2F%2Fpierismassage.com%2Fit%2Fterapie-di-massaggio%2Fmassaggio-tantra-per-donne%2F|||&#8221; hover_btn_link=&#8221;url:https%3A%2F%2Fpierismassage.com%2Fit%2Fterapie-di-massaggio%2Fmassaggio-tantra-per-donne%2F|||&#8221;]Il Tantra vede la donna come colei che apre la strada attraverso l&#8217;intimit\u00e0 e la sensualit\u00e0.[\/vc_hoverbox][vc_empty_space height=&#8221;30px&#8221;][\/vc_column_inner][vc_column_inner width=&#8221;1\/3&#8243;][vc_hoverbox image=&#8221;1989&#8243; primary_title=&#8221;MASSAGGIO TANTRICO PER COPPIE&#8221; primary_title_font_container=&#8221;font_size:22|color:%23bba36b&#8221; primary_title_use_theme_fonts=&#8221;yes&#8221; primary_title_css_animation=&#8221;fadeIn&#8221; hover_title=&#8221;MASSAGGIO TANTRICO PER COPPIE&#8221; hover_title_font_container=&#8221;font_size:22|color:%23000000&#8243; hover_title_use_theme_fonts=&#8221;yes&#8221; shape=&#8221;square&#8221; hover_background_color=&#8221;custom&#8221; hover_btn_title=&#8221;DI PI\u00d9&#8221; hover_btn_style=&#8221;flat&#8221; hover_btn_shape=&#8221;square&#8221; hover_btn_color=&#8221;black&#8221; use_custom_fonts_primary_title=&#8221;true&#8221; use_custom_fonts_hover_title=&#8221;true&#8221; hover_add_button=&#8221;true&#8221; hover_custom_background=&#8221;#bba36b&#8221; primary_title_link=&#8221;url:https%3A%2F%2Fpierismassage.com%2Fit%2Fterapie-di-massaggio%2Fmassaggio-tantrico-per-coppie%2F|||&#8221; hover_title_link=&#8221;url:https%3A%2F%2Fpierismassage.com%2Fit%2Fterapie-di-massaggio%2Fmassaggio-tantrico-per-coppie%2F|||&#8221; hover_btn_link=&#8221;url:https%3A%2F%2Fpierismassage.com%2Fit%2Fterapie-di-massaggio%2Fmassaggio-tantrico-per-coppie%2F|||&#8221;]Per gli innamorati, coppie sposate, amanti e amici.[\/vc_hoverbox][vc_empty_space height=&#8221;30px&#8221;][\/vc_column_inner][\/vc_row_inner][\/vc_column][\/mk_page_section]<\/p>\n","protected":false},"excerpt":{"rendered":"<p>[mk_page_section attachment=&#8221;fixed&#8221; bg_stretch=&#8221;true&#8221; sidebar=&#8221;sidebar-1&#8243;][vc_column][vc_row_inner][vc_column_inner width=&#8221;1\/3&#8243;][vc_hoverbox image=&#8221;1925&#8243; primary_title=&#8221;MASSAGGIO EDONISTICO&#8221; primary_title_font_container=&#8221;font_size:22|color:%23bba36b&#8221; primary_title_use_theme_fonts=&#8221;yes&#8221; primary_title_css_animation=&#8221;fadeIn&#8221; hover_title=&#8221;MASSAGGIO EDONISTICO&#8221; hover_title_font_container=&#8221;font_size:22|color:%23000000&#8243; hover_title_use_theme_fonts=&#8221;yes&#8221; shape=&#8221;square&#8221; hover_background_color=&#8221;custom&#8221; hover_btn_title=&#8221;DI PI\u00d9&#8221; hover_btn_style=&#8221;flat&#8221; hover_btn_shape=&#8221;square&#8221; hover_btn_color=&#8221;black&#8221; use_custom_fonts_primary_title=&#8221;true&#8221; use_custom_fonts_hover_title=&#8221;true&#8221; hover_add_button=&#8221;true&#8221; hover_custom_background=&#8221;#bba36b&#8221; primary_title_link=&#8221;url:https%3A%2F%2Fpierismassage.com%2Fit%2Fterapie-di-massaggio%2Fmassaggio-edonistico%2F|||&#8221; hover_title_link=&#8221;url:https%3A%2F%2Fpierismassage.com%2Fit%2Fterapie-di-massaggio%2Fmassaggio-edonistico%2F|||&#8221; hover_btn_link=&#8221;url:https%3A%2F%2Fpierismassage.com%2Fit%2Fterapie-di-massaggio%2Fmassaggio-edonistico%2F|||&#8221;]L&#8217;edonista, un uomo che crede che lo scopo della vita umana nei piaceri sensuali&#8230;[\/vc_hoverbox][vc_empty_space height=&#8221;30px&#8221;][\/vc_column_inner][vc_column_inner width=&#8221;1\/3&#8243;][vc_hoverbox image=&#8221;1700&#8243; primary_title=&#8221;MASSAGGIO OLISTICO CLASSICO AL CORPO&#8221; primary_title_font_container=&#8221;font_size:22|color:%23bba36b&#8221; primary_title_use_theme_fonts=&#8221;yes&#8221; primary_title_css_animation=&#8221;fadeIn&#8221; hover_title=&#8221;MASSAGGIO OLISTICO [&hellip;]<\/p>\n","protected":false},"author":1,"featured_media":0,"parent":0,"menu_order":0,"comment_status":"closed","ping_status":"closed","template":"","meta":{"_acf_changed":false,"footnotes":""},"class_list":["post-2269","page","type-page","status-publish","hentry"],"acf":[],"_links":{"self":[{"href":"https:\/\/googleadultseo.com\/massage-templates1\/wp-json\/wp\/v2\/pages\/2269","targetHints":{"allow":["GET"]}}],"collection":[{"href":"https:\/\/googleadultseo.com\/massage-templates1\/wp-json\/wp\/v2\/pages"}],"about":[{"href":"https:\/\/googleadultseo.com\/massage-templates1\/wp-json\/wp\/v2\/types\/page"}],"author":[{"embeddable":true,"href":"https:\/\/googleadultseo.com\/massage-templates1\/wp-json\/wp\/v2\/users\/1"}],"replies":[{"embeddable":true,"href":"https:\/\/googleadultseo.com\/massage-templates1\/wp-json\/wp\/v2\/comments?post=2269"}],"version-history":[{"count":0,"href":"https:\/\/googleadultseo.com\/massage-templates1\/wp-json\/wp\/v2\/pages\/2269\/revisions"}],"wp:attachment":[{"href":"https:\/\/googleadultseo.com\/massage-templates1\/wp-json\/wp\/v2\/media?parent=2269"}],"curies":[{"name":"wp","href":"https:\/\/api.w.org\/{rel}","templated":true}]}}