{"id":1135,"date":"2017-04-20T12:26:52","date_gmt":"2017-04-20T12:26:52","guid":{"rendered":"http:\/\/teszt.s50.mediacenter5.hu\/pierismassage\/de\/contact-us\/"},"modified":"2017-04-20T12:26:52","modified_gmt":"2017-04-20T12:26:52","slug":"kontakt","status":"publish","type":"page","link":"https:\/\/googleadultseo.com\/massage-templates1\/kontakt\/","title":{"rendered":"Kontakt"},"content":{"rendered":"<h2>Kontaktieren Sie uns<\/h2>\n<h1>Gebildete, sch\u00f6ne, unwiderstehliche, anspruchsvolle und erfahrene Masseurinnen erwarten Sie in einer zivilisierten und diskreten Luxusumgebung im Pieris Massage im Herzen der Stadt. Kontaktieren Sie uns unten, um die beste erotische Massage in Budapest zu buchen.<\/h1>\n<p>\t\t\t\t\t\t\t\t\t\t\t\t\t<img loading=\"lazy\" decoding=\"async\" width=\"1024\" height=\"454\" src=\"https:\/\/pierismassage.com\/wp-content\/uploads\/2017\/12\/photo-2017.-11.-14.-14-27-32-1024x454.jpg\" alt=\"\" srcset=\"https:\/\/pierismassage.com\/wp-content\/uploads\/2017\/12\/photo-2017.-11.-14.-14-27-32-1024x454.jpg 1024w, https:\/\/pierismassage.com\/wp-content\/uploads\/2017\/12\/photo-2017.-11.-14.-14-27-32-300x133.jpg 300w, https:\/\/pierismassage.com\/wp-content\/uploads\/2017\/12\/photo-2017.-11.-14.-14-27-32-768x340.jpg 768w\" sizes=\"auto, (max-width: 1024px) 100vw, 1024px\" \/><br \/>\n\t\tDer Pieris Massage Salon befindet sich in der Innenstadt von Budapest im VII. Bezirk, unter der Nummer in Budapest, Radn\u00f3ti Mikl\u00f3s u. 17, 1137. Es ist leicht mit \u00f6ffentlichen Verkehrsmitteln zu erreichen, da es nur 3 Gehminuten vom Heldenplatz entfernt liegt und vor einem der wichtigsten Parks in Budapest, Varos Liget, liegt. Es kann mit der U-Bahn-Linie 1, den Trolibus 74,75 und 79M oder den Bussen 30,30A,230,979,5,7,110 oder 112 erreicht werden. G\u00e4ste, die mit dem Auto anreisen, k\u00f6nnen auf \u00f6ffentlichen Pl\u00e4tzen auf der Stra\u00dfe parken.\t\t<\/p>\n<h3>Unsere erotischen Masseurinnen<\/h3>\n<h2>Erotische Massage-Masseurin<\/h2>\n<p>\t\tWenn Sie auf der Suche nach der ultimativen erotischen Massage in Budapest sind, sind Sie bei Pieris Massage genau richtig. Ganz gleich, ob Sie gesch\u00e4ftlich oder zum Vergn\u00fcgen hier sind oder als Einheimischer auf der Suche nach einer luxuri\u00f6sen Auszeit sind, wir bieten die wohltuendste erotische Massage in Budapest an, die Ihre Sinne wecken und Ihnen ein v\u00f6llig verj\u00fcngtes Gef\u00fchl geben soll. Budapest ist f\u00fcr seine reiche Geschichte, wundersch\u00f6ne Architektur und weltber\u00fchmten Spas bekannt. Aber wussten Sie, dass es hier auch die sch\u00f6nsten erotischen Massageerlebnisse gibt? Bei Pieris Massage sind wir stolz darauf, eine au\u00dfergew\u00f6hnliche erotische Massage in Budapest anbieten zu k\u00f6nnen, die Entspannung, Sinnlichkeit und Expertentechniken vereint. Unsere sinnlichen Massagen gehen \u00fcber die k\u00f6rperliche Entspannung hinaus \u2013 sie sind eine ganzheitliche Reise f\u00fcr K\u00f6rper und Geist.\t\t<\/p>\n<h2>Standort<\/h2>\n<h3>Erhalten Sie eine Wegbeschreibung zum Salon<\/h3>\n<p>\t\tWir w\u00fcrden uns freuen, von Ihnen zu h\u00f6ren! Wenn Sie Fragen haben, weitere Informationen zu unseren Leistungen ben\u00f6tigen oder einen Termin vereinbaren m\u00f6chten, k\u00f6nnen Sie sich gerne an uns wenden. Sie k\u00f6nnen uns wie folgt erreichen. F\u00fcr eine schnellere Hilfe rufen Sie uns an. Sie k\u00f6nnen auch das untenstehende Kontaktformular ausf\u00fcllen und wir werden Ihnen so schnell wie m\u00f6glich antworten. Wir sind bestrebt, ein au\u00dfergew\u00f6hnliches und diskretes Serviceerlebnis zu bieten.<br \/>\n\t\t\t\t<a href=\"https:\/\/www.google.com\/maps\/place\/\/data=!4m2!3m1!1s0x4741ddc4293a7b65:0xc7c70e440304260a?sa=X&#038;ved=1t:8290&#038;ictx=111\" tabindex=\"-1\"><br \/>\n\t\t\t\t\t\t\t\t<\/a><\/p>\n<h3>\n\t\t\t\t\t\t<a href=\"https:\/\/www.google.com\/maps\/place\/\/data=!4m2!3m1!1s0x4741ddc4293a7b65:0xc7c70e440304260a?sa=X&#038;ved=1t:8290&#038;ictx=111\" ><br \/>\n\t\t\t\t\t\t\tErzs\u00e9bet k\u00f6r\u00fat 35, Budapest\u00a01073\t\t\t\t\t\t<\/a><br \/>\n\t\t\t\t\t<\/h3>\n<p>\t\t\t\t<a href=\"tel:+36%2070%207066696\" tabindex=\"-1\"><br \/>\n\t\t\t\t\t\t\t\t<\/a><\/p>\n<h3>\n\t\t\t\t\t\t<a href=\"tel:+36%2070%207066696\" ><br \/>\n\t\t\t\t\t\t\t+36 70 7066696\t\t\t\t\t\t<\/a><br \/>\n\t\t\t\t\t<\/h3>\n<p>\t\t\t\t<a href=\"mailto:pierismassage@gmail.com\" tabindex=\"-1\"><br \/>\n\t\t\t\t\t\t\t\t<\/a><\/p>\n<h3>\n\t\t\t\t\t\t<a href=\"mailto:pierismassage@gmail.com\" ><br \/>\n\t\t\t\t\t\t\tpierismassage@gmail.com\t\t\t\t\t\t<\/a><br \/>\n\t\t\t\t\t<\/h3>\n<p>\t\t\t<iframe loading=\"lazy\"\n\t\t\t\t\tsrc=\"https:\/\/maps.google.com\/maps?q=Budapest%2C%20Radn%C3%B3ti%20Mikl%C3%B3s%20u.%2017%2C%201137%20Hungary&#038;t=m&#038;z=10&#038;output=embed&#038;iwloc=near\"\n\t\t\t\t\ttitle=\"Budapest, Radn\u00f3ti Mikl\u00f3s u. 17, 1137 Hungary\"\n\t\t\t\t\taria-label=\"Budapest, Radn\u00f3ti Mikl\u00f3s u. 17, 1137 Hungary\"\n\t\t\t><\/iframe><\/p>\n<h3>\n\t\t\t\t\t\t\tPublic transport:<br \/>\n\t\t\t\t\t<\/h3>\n<p>\n\t\t\t\t\t\tOur salon is conveniently located and easily accessible by public transport Just a 5-minute walk from Blaha Lujza ter Metro Station. A 1-minute walk from the Wessel\u00e9nyi 4-6 tram stop and only a 5-minute walk from the Oktogon Metro Station.\n\t\t\t\t\t<\/p>\n<h3>\n\t\t\t\t\t\t<a href=\"tel:+36%2070%207066696\" ><br \/>\n\t\t\t\t\t\t\tCar:\t\t\t\t\t\t<\/a><br \/>\n\t\t\t\t\t<\/h3>\n<p>\n\t\t\t\t\t\tStreet parking is available via parking meters. Alternatively, you can use the WestEnd Mall parking garage nearby.\n\t\t\t\t\t<\/p>\n<h3>\n\t\t\t\t\t\t<a href=\"mailto:pierismassage@gmail.com\" ><br \/>\n\t\t\t\t\t\t\tBus:\t\t\t\t\t\t<\/a><br \/>\n\t\t\t\t\t<\/h3>\n<p>\n\t\t\t\t\t\tBus 74 in Wesselenyi stop 1min away\n\t\t\t\t\t<\/p>\n<h3>\n\t\t\t\t\t\t\tTrams:<br \/>\n\t\t\t\t\t<\/h3>\n<p>\n\t\t\t\t\t\tThe popular tram 4 and 6 stopping just in front of our salon in Wessel\u00e9nyi tram stop.\n\t\t\t\t\t<\/p>\n<h3>\n\t\t\t\t\t\t<a href=\"tel:+36%2070%207066696\" ><br \/>\n\t\t\t\t\t\t\tTaxi:\t\t\t\t\t\t<\/a><br \/>\n\t\t\t\t\t<\/h3>\n<p>\n\t\t\t\t\t\tF\u0151taxi: +36 (1) 2222-222 (300Ft\/km)<br \/>\nTaxi Plus: +36 (1) 8888-000 (300Ft\/km)<br \/>\nBudapest Taxi: +36 (1) 777-7777 (300Ft\/km)<br \/>\nCity Taxi: +36 (1 ) 2-111-111 (300Ft\/km)<br \/>\nBasic fee: 700 Ft\n\t\t\t\t\t<\/p>\n<h3>\n\t\t\t\t\t\t<a href=\"mailto:pierismassage@gmail.com\" ><br \/>\n\t\t\t\t\t\t\tWalking Distance:\t\t\t\t\t\t<\/a><br \/>\n\t\t\t\t\t<\/h3>\n<p>\n\t\t\t\t\t\tJust a 5-minute walk from Blaha Lujza Metro Station.<br \/>\nA 1-minute walk from the 4-6 tram stop. Only a 10-minute walk from Nyugati\u00a0Train\u00a0Station.\t\t\t\t\t<\/p>\n<h2>Bleiben Sie in Kontakt!<\/h2>\n","protected":false},"excerpt":{"rendered":"<p>Kontaktieren Sie uns Gebildete, sch\u00f6ne, unwiderstehliche, anspruchsvolle und erfahrene Masseurinnen erwarten Sie in einer zivilisierten und diskreten Luxusumgebung im Pieris Massage im Herzen der Stadt. Kontaktieren Sie uns unten, um die beste erotische Massage in Budapest zu buchen. Der Pieris Massage Salon befindet sich in der Innenstadt von Budapest im VII. Bezirk, unter der Nummer [&hellip;]<\/p>\n","protected":false},"author":1,"featured_media":2913,"parent":0,"menu_order":0,"comment_status":"closed","ping_status":"closed","template":"elementor_header_footer","meta":{"_acf_changed":false,"footnotes":""},"class_list":["post-1135","page","type-page","status-publish","has-post-thumbnail","hentry"],"acf":[],"_links":{"self":[{"href":"https:\/\/googleadultseo.com\/massage-templates1\/wp-json\/wp\/v2\/pages\/1135","targetHints":{"allow":["GET"]}}],"collection":[{"href":"https:\/\/googleadultseo.com\/massage-templates1\/wp-json\/wp\/v2\/pages"}],"about":[{"href":"https:\/\/googleadultseo.com\/massage-templates1\/wp-json\/wp\/v2\/types\/page"}],"author":[{"embeddable":true,"href":"https:\/\/googleadultseo.com\/massage-templates1\/wp-json\/wp\/v2\/users\/1"}],"replies":[{"embeddable":true,"href":"https:\/\/googleadultseo.com\/massage-templates1\/wp-json\/wp\/v2\/comments?post=1135"}],"version-history":[{"count":0,"href":"https:\/\/googleadultseo.com\/massage-templates1\/wp-json\/wp\/v2\/pages\/1135\/revisions"}],"wp:featuredmedia":[{"embeddable":true,"href":"https:\/\/googleadultseo.com\/massage-templates1\/wp-json\/"}],"wp:attachment":[{"href":"https:\/\/googleadultseo.com\/massage-templates1\/wp-json\/wp\/v2\/media?parent=1135"}],"curies":[{"name":"wp","href":"https:\/\/api.w.org\/{rel}","templated":true}]}}